{"id":8,"date":"2025-05-17T20:11:08","date_gmt":"2025-05-17T19:11:08","guid":{"rendered":"https:\/\/alinhamento.pt\/?page_id=8"},"modified":"2025-05-17T20:25:03","modified_gmt":"2025-05-17T19:25:03","slug":"inicio","status":"publish","type":"page","link":"https:\/\/alinhamento.pt\/?page_id=8","title":{"rendered":"In\u00edcio"},"content":{"rendered":"\t\t<div data-elementor-type=\"wp-page\" data-elementor-id=\"8\" class=\"elementor elementor-8\">\n\t\t\t\t<div class=\"elementor-element elementor-element-a41ba53 e-flex e-con-boxed e-con e-parent\" data-id=\"a41ba53\" data-element_type=\"container\">\n\t\t\t\t\t<div class=\"e-con-inner\">\n\t\t<div class=\"elementor-element elementor-element-9f3c381 e-con-full e-flex e-con e-child\" data-id=\"9f3c381\" data-element_type=\"container\">\n\t\t\t\t<div class=\"elementor-element elementor-element-a58711c elementor-widget elementor-widget-heading\" data-id=\"a58711c\" data-element_type=\"widget\" data-widget_type=\"heading.default\">\n\t\t\t\t<div class=\"elementor-widget-container\">\n\t\t\t\t\t<h2 class=\"elementor-heading-title elementor-size-default\">A ess\u00eancia que vive em ti\n<\/h2>\t\t\t\t<\/div>\n\t\t\t\t<\/div>\n\t\t\t\t<\/div>\n\t\t<div class=\"elementor-element elementor-element-abc6912 e-con-full e-flex e-con e-child\" data-id=\"abc6912\" data-element_type=\"container\">\n\t\t\t\t<div class=\"elementor-element elementor-element-bc50dcb elementor-widget elementor-widget-text-editor\" data-id=\"bc50dcb\" data-element_type=\"widget\" data-widget_type=\"text-editor.default\">\n\t\t\t\t<div class=\"elementor-widget-container\">\n\t\t\t\t\t\t\t\t\t<p>Descobre equil\u00edbrio, bem-estar e transforma\u00e7\u00e3o interior com o poder do alinhamento.<\/p>\t\t\t\t\t\t\t\t<\/div>\n\t\t\t\t<\/div>\n\t\t\t\t<\/div>\n\t\t\t\t\t<\/div>\n\t\t\t\t<\/div>\n\t\t<div class=\"elementor-element elementor-element-d631f82 e-flex e-con-boxed e-con e-parent\" data-id=\"d631f82\" data-element_type=\"container\">\n\t\t\t\t\t<div class=\"e-con-inner\">\n\t\t\t\t<div class=\"elementor-element elementor-element-66c18e8 elementor-widget elementor-widget-button\" data-id=\"66c18e8\" data-element_type=\"widget\" data-widget_type=\"button.default\">\n\t\t\t\t<div class=\"elementor-widget-container\">\n\t\t\t\t\t\t\t\t\t<div class=\"elementor-button-wrapper\">\n\t\t\t\t\t<a class=\"elementor-button elementor-button-link elementor-size-sm\" href=\"#\">\n\t\t\t\t\t\t<span class=\"elementor-button-content-wrapper\">\n\t\t\t\t\t\t\t\t\t<span class=\"elementor-button-text\">Quero saber mais<\/span>\n\t\t\t\t\t<\/span>\n\t\t\t\t\t<\/a>\n\t\t\t\t<\/div>\n\t\t\t\t\t\t\t\t<\/div>\n\t\t\t\t<\/div>\n\t\t\t\t\t<\/div>\n\t\t\t\t<\/div>\n\t\t\t\t<\/div>\n\t\t","protected":false},"excerpt":{"rendered":"<p>A ess\u00eancia que vive em ti Descobre equil\u00edbrio, bem-estar e transforma\u00e7\u00e3o interior com o poder do alinhamento. Quero saber mais<\/p>\n","protected":false},"author":1,"featured_media":0,"parent":0,"menu_order":0,"comment_status":"closed","ping_status":"closed","template":"","meta":{"footnotes":""},"class_list":["post-8","page","type-page","status-publish","hentry"],"yoast_head":"<!-- This site is optimized with the Yoast SEO plugin v25.2 - https:\/\/yoast.com\/wordpress\/plugins\/seo\/ -->\n<title>In\u00edcio - Alinhamento.pt \u2013 A ess\u00eancia que vive em ti<\/title>\n<meta name=\"robots\" content=\"index, follow, max-snippet:-1, max-image-preview:large, max-video-preview:-1\" \/>\n<link rel=\"canonical\" href=\"https:\/\/alinhamento.pt\/?page_id=8\" \/>\n<meta property=\"og:locale\" content=\"pt_PT\" \/>\n<meta property=\"og:type\" content=\"article\" \/>\n<meta property=\"og:title\" content=\"In\u00edcio - Alinhamento.pt \u2013 A ess\u00eancia que vive em ti\" \/>\n<meta property=\"og:description\" content=\"A ess\u00eancia que vive em ti Descobre equil\u00edbrio, bem-estar e transforma\u00e7\u00e3o interior com o poder do alinhamento. Quero saber mais\" \/>\n<meta property=\"og:url\" content=\"https:\/\/alinhamento.pt\/?page_id=8\" \/>\n<meta property=\"og:site_name\" content=\"Alinhamento.pt \u2013 A ess\u00eancia que vive em ti\" \/>\n<meta property=\"article:modified_time\" content=\"2025-05-17T19:25:03+00:00\" \/>\n<meta name=\"twitter:card\" content=\"summary_large_image\" \/>\n<meta name=\"twitter:label1\" content=\"Tempo estimado de leitura\" \/>\n\t<meta name=\"twitter:data1\" content=\"1 minuto\" \/>\n<script type=\"application\/ld+json\" class=\"yoast-schema-graph\">{\"@context\":\"https:\/\/schema.org\",\"@graph\":[{\"@type\":\"WebPage\",\"@id\":\"https:\/\/alinhamento.pt\/?page_id=8\",\"url\":\"https:\/\/alinhamento.pt\/?page_id=8\",\"name\":\"In\u00edcio - Alinhamento.pt \u2013 A ess\u00eancia que vive em ti\",\"isPartOf\":{\"@id\":\"https:\/\/alinhamento.pt\/#website\"},\"datePublished\":\"2025-05-17T19:11:08+00:00\",\"dateModified\":\"2025-05-17T19:25:03+00:00\",\"breadcrumb\":{\"@id\":\"https:\/\/alinhamento.pt\/?page_id=8#breadcrumb\"},\"inLanguage\":\"pt-PT\",\"potentialAction\":[{\"@type\":\"ReadAction\",\"target\":[\"https:\/\/alinhamento.pt\/?page_id=8\"]}]},{\"@type\":\"BreadcrumbList\",\"@id\":\"https:\/\/alinhamento.pt\/?page_id=8#breadcrumb\",\"itemListElement\":[{\"@type\":\"ListItem\",\"position\":1,\"name\":\"In\u00edcio\",\"item\":\"https:\/\/alinhamento.pt\/\"},{\"@type\":\"ListItem\",\"position\":2,\"name\":\"In\u00edcio\"}]},{\"@type\":\"WebSite\",\"@id\":\"https:\/\/alinhamento.pt\/#website\",\"url\":\"https:\/\/alinhamento.pt\/\",\"name\":\"Alinhamento.pt \u2013 A ess\u00eancia que vive em ti\",\"description\":\"\",\"potentialAction\":[{\"@type\":\"SearchAction\",\"target\":{\"@type\":\"EntryPoint\",\"urlTemplate\":\"https:\/\/alinhamento.pt\/?s={search_term_string}\"},\"query-input\":{\"@type\":\"PropertyValueSpecification\",\"valueRequired\":true,\"valueName\":\"search_term_string\"}}],\"inLanguage\":\"pt-PT\"}]}<\/script>\n<!-- \/ Yoast SEO plugin. -->","yoast_head_json":{"title":"In\u00edcio - Alinhamento.pt \u2013 A ess\u00eancia que vive em ti","robots":{"index":"index","follow":"follow","max-snippet":"max-snippet:-1","max-image-preview":"max-image-preview:large","max-video-preview":"max-video-preview:-1"},"canonical":"https:\/\/alinhamento.pt\/?page_id=8","og_locale":"pt_PT","og_type":"article","og_title":"In\u00edcio - Alinhamento.pt \u2013 A ess\u00eancia que vive em ti","og_description":"A ess\u00eancia que vive em ti Descobre equil\u00edbrio, bem-estar e transforma\u00e7\u00e3o interior com o poder do alinhamento. Quero saber mais","og_url":"https:\/\/alinhamento.pt\/?page_id=8","og_site_name":"Alinhamento.pt \u2013 A ess\u00eancia que vive em ti","article_modified_time":"2025-05-17T19:25:03+00:00","twitter_card":"summary_large_image","twitter_misc":{"Tempo estimado de leitura":"1 minuto"},"schema":{"@context":"https:\/\/schema.org","@graph":[{"@type":"WebPage","@id":"https:\/\/alinhamento.pt\/?page_id=8","url":"https:\/\/alinhamento.pt\/?page_id=8","name":"In\u00edcio - Alinhamento.pt \u2013 A ess\u00eancia que vive em ti","isPartOf":{"@id":"https:\/\/alinhamento.pt\/#website"},"datePublished":"2025-05-17T19:11:08+00:00","dateModified":"2025-05-17T19:25:03+00:00","breadcrumb":{"@id":"https:\/\/alinhamento.pt\/?page_id=8#breadcrumb"},"inLanguage":"pt-PT","potentialAction":[{"@type":"ReadAction","target":["https:\/\/alinhamento.pt\/?page_id=8"]}]},{"@type":"BreadcrumbList","@id":"https:\/\/alinhamento.pt\/?page_id=8#breadcrumb","itemListElement":[{"@type":"ListItem","position":1,"name":"In\u00edcio","item":"https:\/\/alinhamento.pt\/"},{"@type":"ListItem","position":2,"name":"In\u00edcio"}]},{"@type":"WebSite","@id":"https:\/\/alinhamento.pt\/#website","url":"https:\/\/alinhamento.pt\/","name":"Alinhamento.pt \u2013 A ess\u00eancia que vive em ti","description":"","potentialAction":[{"@type":"SearchAction","target":{"@type":"EntryPoint","urlTemplate":"https:\/\/alinhamento.pt\/?s={search_term_string}"},"query-input":{"@type":"PropertyValueSpecification","valueRequired":true,"valueName":"search_term_string"}}],"inLanguage":"pt-PT"}]}},"_links":{"self":[{"href":"https:\/\/alinhamento.pt\/index.php?rest_route=\/wp\/v2\/pages\/8","targetHints":{"allow":["GET"]}}],"collection":[{"href":"https:\/\/alinhamento.pt\/index.php?rest_route=\/wp\/v2\/pages"}],"about":[{"href":"https:\/\/alinhamento.pt\/index.php?rest_route=\/wp\/v2\/types\/page"}],"author":[{"embeddable":true,"href":"https:\/\/alinhamento.pt\/index.php?rest_route=\/wp\/v2\/users\/1"}],"replies":[{"embeddable":true,"href":"https:\/\/alinhamento.pt\/index.php?rest_route=%2Fwp%2Fv2%2Fcomments&post=8"}],"version-history":[{"count":6,"href":"https:\/\/alinhamento.pt\/index.php?rest_route=\/wp\/v2\/pages\/8\/revisions"}],"predecessor-version":[{"id":16,"href":"https:\/\/alinhamento.pt\/index.php?rest_route=\/wp\/v2\/pages\/8\/revisions\/16"}],"wp:attachment":[{"href":"https:\/\/alinhamento.pt\/index.php?rest_route=%2Fwp%2Fv2%2Fmedia&parent=8"}],"curies":[{"name":"wp","href":"https:\/\/api.w.org\/{rel}","templated":true}]}}